{"id":59,"date":"2016-04-25T20:00:20","date_gmt":"2016-04-25T20:00:20","guid":{"rendered":"https:\/\/nutka.info\/?page_id=59"},"modified":"2024-05-31T13:22:04","modified_gmt":"2024-05-31T11:22:04","slug":"zapisy","status":"publish","type":"page","link":"https:\/\/nutka.info\/?page_id=59","title":{"rendered":"Zapisy"},"content":{"rendered":"<h5>Rekrutacja 2024\/2025<\/h5>\n<p>Rozpoczynamy rekrutacj\u0119 do szko\u0142y muzycznej na&nbsp;rok szkolny 2024\/2025.<\/p>\n<p>Zapraszamy dzieci od 6 roku \u017cycia. Zaj\u0119cia szko\u0142y muzycznej I&nbsp;st dla najm\u0142odszych odbywaj\u0105 si\u0119 po po\u0142udniu dwa razy w&nbsp;tygodniu (poniedzia\u0142ki\u2013czwartki).<\/p>\n<p>Starsze dzieci przyjmujemy do cyklu 4-letniego, zaj\u0119cia odbywaj\u0105 si\u0119 po po\u0142udniu dwa razy w&nbsp;tygodniu (poniedzia\u0142ki\u2013czwartki).<\/p>\n<p>W&nbsp;szkole muzycznej uczymy gra\u0107 na&nbsp;instrumentach: fortepian, skrzypce, gitara, flet poprzeczny, klarnet.<\/p>\n<p>Prowadzimy lekcje \u015bpiewu i&nbsp;emisji g\u0142osu.<\/p>\n<p>Dla m\u0142odszych dzieci, od 5 roku \u017cycia chcemy rozpocz\u0105\u0107 zaj\u0119cia muzyczno-ruchowe, przygotowanie do szko\u0142y muzycznej.<\/p>\n<p>Prosimy o&nbsp;kontakt mailowy w&nbsp;sprawie zapisu na&nbsp;przes\u0142uchania do szko\u0142y muzycznej i&nbsp;w&nbsp;ka\u017cdej innej sprawie:<\/p>\n<p><a href=\"mailto:nutka@hot.pl\">nutka@hot.pl<\/a><br \/>\n<a href=\"mailto:nutka.sekretariat@nutka.info\">nutka.sekretariat@nutka.info<\/a><\/p>\n<p>Prosimy o\u00a0przes\u0142anie nast\u0119puj\u0105cych informacji:<\/p>\n<ol>\n<li>imi\u0119 i\u00a0nazwisko kandydata<\/li>\n<li>wiek<\/li>\n<li>wybrany instrument (fortepian, skrzypce, gitara, flet, klarnet)<\/li>\n<li>kontakt do rodzic\u00f3w<\/li>\n<\/ol>\n<p>Dodatkowe informacje mo\u017cna uzyska\u0107 telefonicznie:<br \/>\ntel. 501 089 423, 502 220 964.<\/p>\n<hr \/>\n<p><span style=\"color: #999999;\">Administratorem danych osobowych jest Prywatna Szko\u0142a Muzyczna I&nbsp;st. &#8222;Nutka&#8221; w&nbsp;Warszawie, ul. Marii Grzegorzewskiej 10, 02-778 Warszawa. Dane b\u0119d\u0105 przetwarzane na&nbsp;podstawie wyra\u017conej zgody w&nbsp;celu przeprowadzenia procesu rekrutacji. Dane nie b\u0119d\u0105 udost\u0119pniane odbiorcom danych z&nbsp;wyj\u0105tkiem podmiot\u00f3w upowa\u017cnionych na&nbsp;podstawie przepis\u00f3w prawa. Dane b\u0119d\u0105 przetwarzane do czasu zako\u0144czenia procesu rekrutacji. Przys\u0142uguje prawo dost\u0119pu do tre\u015bci swoich danych oraz ich sprostowania, usuni\u0119cia lub ograniczenia przetwarzania danych osobowych, prawo do wniesienia sprzeciwu wobec przetwarzania, prawo do odwo\u0142ania zgody na&nbsp;przetwarzanie danych w&nbsp;ka\u017cdym czasie, prawo do wniesienia skargi do organu nadzorczego w&nbsp;zakresie danych osobowych.<\/span><\/p>\n","protected":false},"excerpt":{"rendered":"<p>Rekrutacja 2024\/2025 Rozpoczynamy rekrutacj\u0119 do szko\u0142y muzycznej na&nbsp;rok szkolny 2024\/2025. Zapraszamy dzieci od 6 roku \u017cycia. Zaj\u0119cia szko\u0142y muzycznej I&nbsp;st dla najm\u0142odszych odbywaj\u0105 si\u0119 po po\u0142udniu dwa razy w&nbsp;tygodniu (poniedzia\u0142ki\u2013czwartki). Starsze dzieci przyjmujemy do cyklu 4-letniego, zaj\u0119cia odbywaj\u0105 si\u0119 po po\u0142udniu dwa razy w&nbsp;tygodniu (poniedzia\u0142ki\u2013czwartki). W&nbsp;szkole muzycznej uczymy gra\u0107 na&nbsp;instrumentach: fortepian, skrzypce, gitara, flet poprzeczny, &hellip; <a href=\"https:\/\/nutka.info\/?page_id=59\" class=\"more-link\">Czytaj dalej <span class=\"screen-reader-text\">Zapisy<\/span> <span class=\"meta-nav\">&rarr;<\/span><\/a><\/p>\n","protected":false},"author":3,"featured_media":0,"parent":0,"menu_order":0,"comment_status":"closed","ping_status":"closed","template":"","meta":{"footnotes":""},"class_list":["post-59","page","type-page","status-publish","hentry"],"jetpack_sharing_enabled":true,"jetpack_shortlink":"https:\/\/wp.me\/Pf4iuA-X","_links":{"self":[{"href":"https:\/\/nutka.info\/index.php?rest_route=\/wp\/v2\/pages\/59","targetHints":{"allow":["GET"]}}],"collection":[{"href":"https:\/\/nutka.info\/index.php?rest_route=\/wp\/v2\/pages"}],"about":[{"href":"https:\/\/nutka.info\/index.php?rest_route=\/wp\/v2\/types\/page"}],"author":[{"embeddable":true,"href":"https:\/\/nutka.info\/index.php?rest_route=\/wp\/v2\/users\/3"}],"replies":[{"embeddable":true,"href":"https:\/\/nutka.info\/index.php?rest_route=%2Fwp%2Fv2%2Fcomments&post=59"}],"version-history":[{"count":14,"href":"https:\/\/nutka.info\/index.php?rest_route=\/wp\/v2\/pages\/59\/revisions"}],"predecessor-version":[{"id":3544,"href":"https:\/\/nutka.info\/index.php?rest_route=\/wp\/v2\/pages\/59\/revisions\/3544"}],"wp:attachment":[{"href":"https:\/\/nutka.info\/index.php?rest_route=%2Fwp%2Fv2%2Fmedia&parent=59"}],"curies":[{"name":"wp","href":"https:\/\/api.w.org\/{rel}","templated":true}]}}