{"id":113,"date":"2016-04-27T08:39:03","date_gmt":"2016-04-27T08:39:03","guid":{"rendered":"https:\/\/nutka.info\/?page_id=113"},"modified":"2019-03-19T14:24:13","modified_gmt":"2019-03-19T12:24:13","slug":"kontakt","status":"publish","type":"page","link":"https:\/\/nutka.info\/?page_id=113","title":{"rendered":"Kontakt"},"content":{"rendered":"<h5>Znajd\u017a nas:<\/h5>\n<div class=\"su-gmap su-u-responsive-media-yes\"><iframe loading=\"lazy\" width=\"600\" height=\"400\" src=\"\/\/maps.google.com\/maps?q=ul.%20Marii%20Grzegorzewskiej%2010%2C%2002-778%20Warszawa&amp;output=embed\" title=\"\"><\/iframe><\/div>\n<h5>Napisz do nas:<\/h5>\n<div data-test='contact-form'\n\t\t\tid='contact-form-113'\n\t\t\tclass='wp-block-jetpack-contact-form-container '\n\t\t\tdata-wp-interactive='jetpack\/form' data-wp-context='{\"formId\":\"113\",\"formHash\":\"8510072e2f17d5d1d86e8b7e36fa00a41740238e\",\"showErrors\":false,\"errors\":[],\"fields\":[],\"isMultiStep\":false,\"useAjax\":true,\"submissionData\":null,\"formattedSubmissionData\":[],\"submissionSuccess\":false,\"submissionError\":null,\"elementId\":\"jp-form-8510072e2f17d5d1d86e8b7e36fa00a41740238e\"}'\n\t\t\tdata-wp-watch--scroll-to-wrapper=\"callbacks.scrollToWrapper\"\n\t\t>\n<div class=\"contact-form-submission contact-form-ajax-submission\" data-wp-class--submission-success=\"context.submissionSuccess\"><p class=\"go-back-message\"><a class=\"link\" role=\"button\" tabindex=\"0\" data-wp-on--click=\"actions.goBack\" href=\"\/index.php?rest_route=%2Fwp%2Fv2%2Fpages%2F113\">Go back<\/a> <\/p><h4 id=\"contact-form-success-header\">Your message has been sent<\/h4>\n\n<template data-wp-each--submission=\"context.formattedSubmissionData\">\n\t\t\t\t<div>\n\t\t\t\t\t<div class=\"field-name\" data-wp-text=\"context.submission.label\" data-wp-bind--hidden=\"!context.submission.label\"><\/div>\n\t\t\t\t\t<div class=\"field-value\" data-wp-text=\"context.submission.value\"><\/div>\n\t\t\t\t<\/div>\n\t\t\t<\/template><\/div><form action='https:\/\/nutka.info\/?page_id=113'\n\t\t\t\tid='jp-form-8510072e2f17d5d1d86e8b7e36fa00a41740238e'\n\t\t\t\tmethod='post'\n\t\t\t\tclass='contact-form commentsblock' aria-label=\"Kontakt\"\n\t\t\t\tdata-wp-on--submit=\"actions.onFormSubmit\"\n\t\t\t\tdata-wp-on--reset=\"actions.onFormReset\"\n\t\t\t\tdata-wp-class--submission-success=\"context.submissionSuccess\"\n\t\t\t\tdata-wp-class--is-first-step=\"state.isFirstStep\"\n\t\t\t\tdata-wp-class--is-last-step=\"state.isLastStep\"\n\t\t\t\tdata-wp-class--is-ajax-form=\"context.useAjax\"\n\t\t\t\tnovalidate >\n<input type='hidden' name='jetpack_contact_form_jwt' value='eyJ0eXAiOiJKV1QiLCJhbGciOiJIUzI1NiJ9.eyJhdHRyaWJ1dGVzIjp7InRvIjoibnV0a2FAaG90LnBsLCBudXRrYS5zZWtyZXRhcmlhdEBzZXJ3ZXIxNjQzMjE4LmhvbWUucGwiLCJzdWJqZWN0IjoiW1ByeXdhdG5hIHN6a29cdTAxNDJhIG11enljem5hXSBLb250YWt0Iiwic2hvd19zdWJqZWN0Ijoibm8iLCJ3aWRnZXQiOiIiLCJibG9ja190ZW1wbGF0ZSI6IiIsImJsb2NrX3RlbXBsYXRlX3BhcnQiOiIiLCJpZCI6IjExMyIsInN1Ym1pdF9idXR0b25fdGV4dCI6IlN1Ym1pdCIsImN1c3RvbVRoYW5reW91IjoiIiwiY3VzdG9tVGhhbmt5b3VIZWFkaW5nIjoiWW91ciBtZXNzYWdlIGhhcyBiZWVuIHNlbnQiLCJjdXN0b21UaGFua3lvdU1lc3NhZ2UiOiJUaGFuayB5b3UgZm9yIHlvdXIgc3VibWlzc2lvbiEiLCJjdXN0b21UaGFua3lvdVJlZGlyZWN0IjoiIiwiamV0cGFja0NSTSI6IjEiLCJtYWlscG9ldCI6IiIsImNsYXNzTmFtZSI6IiIsInBvc3RUb1VybCI6IiIsInNhbGVzZm9yY2VEYXRhIjoiIiwiaGlkZGVuRmllbGRzIjoiIiwic3RlcFRyYW5zaXRpb24iOiJmYWRlLXNsaWRlIn0sImNvbnRlbnQiOiJbY29udGFjdC1maWVsZCBsYWJlbD1cIkltaVx1MDExOSBpJm5ic3A7bmF6d2lza29cIiB0eXBlPVwibmFtZVwiIHJlcXVpcmVkPVwiMVwiXVtjb250YWN0LWZpZWxkIGxhYmVsPVwiRS1tYWlsXCIgdHlwZT1cImVtYWlsXCIgcmVxdWlyZWQ9XCIxXCJdW2NvbnRhY3QtZmllbGQgbGFiZWw9XCJXaWFkb21vXHUwMTViXHUwMTA3XCIgdHlwZT1cInRleHRhcmVhXCJdIiwiaGFzaCI6Ijg1MTAwNzJlMmYxN2Q1ZDFkODZlOGI3ZTM2ZmEwMGE0MTc0MDIzOGUifQ.fcYHj_xk7nso1RRhB54_Ygr935tw47XS5aJ5umx9Nmk' \/>\n\n<div style=\"\"  data-wp-interactive=\"jetpack\/form\" data-wp-context='{\"fieldId\":\"g113-imiinbspnazwisko\",\"fieldType\":\"name\",\"fieldLabel\":\"Imi\\u0119 i\\u0026nbsp;nazwisko\",\"fieldValue\":\"\",\"fieldPlaceholder\":\"\",\"fieldIsRequired\":\"1\",\"fieldErrorMessage\":\"\",\"fieldExtra\":[],\"formHash\":\"8510072e2f17d5d1d86e8b7e36fa00a41740238e\"}'  class='grunion-field-name-wrap grunion-field-wrap'  data-wp-init='callbacks.initializeField' data-wp-on--jetpack-form-reset='callbacks.initializeField' >\n<label\n\t\t\t\tfor='g113-imiinbspnazwisko' class=\"grunion-field-label name\" >Imi\u0119 i&nbsp;nazwisko<span class=\"grunion-label-required\" aria-hidden=\"true\">(required)<\/span><\/label>\n<input\n\t\t\t\t\ttype='text'\n\t\t\t\t\tname='g113-imiinbspnazwisko'\n\t\t\t\t\tid='g113-imiinbspnazwisko'\n\t\t\t\t\tvalue=''\n\n\t\t\t\t\tdata-wp-bind--aria-invalid='state.fieldHasErrors'\n\t\t\t\t\tdata-wp-bind--value='state.getFieldValue'\n\t\t\t\t\taria-errormessage='g113-imiinbspnazwisko-text-error-message'\n\t\t\t\t\tdata-wp-on--input='actions.onFieldChange'\n\t\t\t\t\tdata-wp-on--blur='actions.onFieldBlur'\n\t\t\t\t\tdata-wp-class--has-value='state.hasFieldValue'\n\n\t\t\t\t\tclass='name  grunion-field' \n\t\t\t\t\trequired='true' aria-required='true'  \/>\n \n\t\t\t<div id=\"g113-imiinbspnazwisko-text-error\" class=\"contact-form__input-error\" data-wp-class--has-errors=\"state.fieldHasErrors\">\n\t\t\t\t<span class=\"contact-form__warning-icon\">\n\t\t\t\t\t<svg width=\"16\" height=\"16\" viewBox=\"0 0 16 16\" fill=\"none\" xmlns=\"http:\/\/www.w3.org\/2000\/svg\">\n\t\t\t\t\t\t<path d=\"M8.50015 11.6402H7.50015V10.6402H8.50015V11.6402Z\" \/>\n\t\t\t\t\t\t<path d=\"M7.50015 9.64018H8.50015V6.30684H7.50015V9.64018Z\" \/>\n\t\t\t\t\t\t<path fill-rule=\"evenodd\" clip-rule=\"evenodd\" d=\"M6.98331 3.0947C7.42933 2.30177 8.57096 2.30177 9.01698 3.09469L13.8771 11.7349C14.3145 12.5126 13.7525 13.4735 12.8602 13.4735H3.14004C2.24774 13.4735 1.68575 12.5126 2.12321 11.7349L6.98331 3.0947ZM8.14541 3.58496C8.08169 3.47168 7.9186 3.47168 7.85488 3.58496L2.99478 12.2251C2.93229 12.3362 3.01257 12.4735 3.14004 12.4735H12.8602C12.9877 12.4735 13.068 12.3362 13.0055 12.2251L8.14541 3.58496Z\" \/>\n\t\t\t\t\t<\/svg>\n\t\t\t\t\t<span class=\"visually-hidden\">Warning<\/span>\n\t\t\t\t<\/span>\n\t\t\t\t<span data-wp-text=\"state.errorMessage\" id=\"g113-imiinbspnazwisko-text-error-message\"><\/span>\n\t\t\t<\/div> \n\t<\/div>\n\n<div style=\"\"  data-wp-interactive=\"jetpack\/form\" data-wp-context='{\"fieldId\":\"g113-email\",\"fieldType\":\"email\",\"fieldLabel\":\"E-mail\",\"fieldValue\":\"\",\"fieldPlaceholder\":\"\",\"fieldIsRequired\":\"1\",\"fieldErrorMessage\":\"\",\"fieldExtra\":[],\"formHash\":\"8510072e2f17d5d1d86e8b7e36fa00a41740238e\"}'  class='grunion-field-email-wrap grunion-field-wrap'  data-wp-init='callbacks.initializeField' data-wp-on--jetpack-form-reset='callbacks.initializeField' >\n<label\n\t\t\t\tfor='g113-email' class=\"grunion-field-label email\" >E-mail<span class=\"grunion-label-required\" aria-hidden=\"true\">(required)<\/span><\/label>\n<input\n\t\t\t\t\ttype='email'\n\t\t\t\t\tname='g113-email'\n\t\t\t\t\tid='g113-email'\n\t\t\t\t\tvalue=''\n\n\t\t\t\t\tdata-wp-bind--aria-invalid='state.fieldHasErrors'\n\t\t\t\t\tdata-wp-bind--value='state.getFieldValue'\n\t\t\t\t\taria-errormessage='g113-email-email-error-message'\n\t\t\t\t\tdata-wp-on--input='actions.onFieldChange'\n\t\t\t\t\tdata-wp-on--blur='actions.onFieldBlur'\n\t\t\t\t\tdata-wp-class--has-value='state.hasFieldValue'\n\n\t\t\t\t\tclass='email  grunion-field' \n\t\t\t\t\trequired='true' aria-required='true'  \/>\n \n\t\t\t<div id=\"g113-email-email-error\" class=\"contact-form__input-error\" data-wp-class--has-errors=\"state.fieldHasErrors\">\n\t\t\t\t<span class=\"contact-form__warning-icon\">\n\t\t\t\t\t<svg width=\"16\" height=\"16\" viewBox=\"0 0 16 16\" fill=\"none\" xmlns=\"http:\/\/www.w3.org\/2000\/svg\">\n\t\t\t\t\t\t<path d=\"M8.50015 11.6402H7.50015V10.6402H8.50015V11.6402Z\" \/>\n\t\t\t\t\t\t<path d=\"M7.50015 9.64018H8.50015V6.30684H7.50015V9.64018Z\" \/>\n\t\t\t\t\t\t<path fill-rule=\"evenodd\" clip-rule=\"evenodd\" d=\"M6.98331 3.0947C7.42933 2.30177 8.57096 2.30177 9.01698 3.09469L13.8771 11.7349C14.3145 12.5126 13.7525 13.4735 12.8602 13.4735H3.14004C2.24774 13.4735 1.68575 12.5126 2.12321 11.7349L6.98331 3.0947ZM8.14541 3.58496C8.08169 3.47168 7.9186 3.47168 7.85488 3.58496L2.99478 12.2251C2.93229 12.3362 3.01257 12.4735 3.14004 12.4735H12.8602C12.9877 12.4735 13.068 12.3362 13.0055 12.2251L8.14541 3.58496Z\" \/>\n\t\t\t\t\t<\/svg>\n\t\t\t\t\t<span class=\"visually-hidden\">Warning<\/span>\n\t\t\t\t<\/span>\n\t\t\t\t<span data-wp-text=\"state.errorMessage\" id=\"g113-email-email-error-message\"><\/span>\n\t\t\t<\/div> \n\t<\/div>\n\n<div style=\"\"  data-wp-interactive=\"jetpack\/form\" data-wp-context='{\"fieldId\":\"g113-wiadomo\",\"fieldType\":\"textarea\",\"fieldLabel\":\"Wiadomo\\u015b\\u0107\",\"fieldValue\":\"\",\"fieldPlaceholder\":\"\",\"fieldIsRequired\":\"\",\"fieldErrorMessage\":\"\",\"fieldExtra\":[],\"formHash\":\"8510072e2f17d5d1d86e8b7e36fa00a41740238e\"}'  class='grunion-field-textarea-wrap grunion-field-wrap'  data-wp-init='callbacks.initializeField' data-wp-on--jetpack-form-reset='callbacks.initializeField' >\n<label\n\t\t\t\tfor='contact-form-comment-g113-wiadomo' class=\"grunion-field-label textarea\" >Wiadomo\u015b\u0107<\/label>\n<textarea\n\t\t                style=''\n\t\t                name='g113-wiadomo'\n\t\t                id='contact-form-comment-g113-wiadomo'\n\t\t                rows='20'\n\t\t\t\t\t\tdata-wp-text='state.getFieldValue'\n\t\t\t\t\t\tdata-wp-on--input='actions.onFieldChange'\n\t\t\t\t\t\tdata-wp-on--blur='actions.onFieldBlur'\n\t\t\t\t\t\tdata-wp-class--has-value='state.hasFieldValue'\n\t\t\t\t\t\tdata-wp-bind--aria-invalid='state.fieldHasErrors'\n\t\t\t\t\t\tdata-wp-on--keydown='actions.onKeyDownTextarea'\n\t\t\t\t\t\taria-errormessage='g113-wiadomo-textarea-error-message'\n\t\t\t\t\t\tclass='textarea  grunion-field'  ><\/textarea>\n \n\t\t\t<div id=\"g113-wiadomo-textarea-error\" class=\"contact-form__input-error\" data-wp-class--has-errors=\"state.fieldHasErrors\">\n\t\t\t\t<span class=\"contact-form__warning-icon\">\n\t\t\t\t\t<svg width=\"16\" height=\"16\" viewBox=\"0 0 16 16\" fill=\"none\" xmlns=\"http:\/\/www.w3.org\/2000\/svg\">\n\t\t\t\t\t\t<path d=\"M8.50015 11.6402H7.50015V10.6402H8.50015V11.6402Z\" \/>\n\t\t\t\t\t\t<path d=\"M7.50015 9.64018H8.50015V6.30684H7.50015V9.64018Z\" \/>\n\t\t\t\t\t\t<path fill-rule=\"evenodd\" clip-rule=\"evenodd\" d=\"M6.98331 3.0947C7.42933 2.30177 8.57096 2.30177 9.01698 3.09469L13.8771 11.7349C14.3145 12.5126 13.7525 13.4735 12.8602 13.4735H3.14004C2.24774 13.4735 1.68575 12.5126 2.12321 11.7349L6.98331 3.0947ZM8.14541 3.58496C8.08169 3.47168 7.9186 3.47168 7.85488 3.58496L2.99478 12.2251C2.93229 12.3362 3.01257 12.4735 3.14004 12.4735H12.8602C12.9877 12.4735 13.068 12.3362 13.0055 12.2251L8.14541 3.58496Z\" \/>\n\t\t\t\t\t<\/svg>\n\t\t\t\t\t<span class=\"visually-hidden\">Warning<\/span>\n\t\t\t\t<\/span>\n\t\t\t\t<span data-wp-text=\"state.errorMessage\" id=\"g113-wiadomo-textarea-error-message\"><\/span>\n\t\t\t<\/div>\n\t<\/div>\n\t<p class='contact-submit'>\n<div class=\"contact-form__error\" data-wp-class--show-errors=\"state.showFormErrors\"><span class=\"contact-form__warning-icon\"><span class=\"visually-hidden\">Warning.<\/span><i aria-hidden=\"true\"><\/i><\/span>\n\t\t\t\t<span data-wp-text=\"state.getFormErrorMessage\"><\/span>\n\t\t\t\t<ul>\n\t\t\t\t<template data-wp-each=\"state.getErrorList\" data-wp-key=\"context.item.id\">\n\t\t\t\t\t<li><a data-wp-bind--href=\"context.item.anchor\" data-wp-on--click=\"actions.scrollIntoView\" data-wp-text=\"context.item.label\"><\/a><\/li>\n\t\t\t\t<\/template>\n\t\t\t\t<\/ul><\/div><div class=\"contact-form__error\" data-wp-class--show-errors=\"state.showSubmissionError\" data-wp-text=\"context.submissionError\"><\/div>\t\t<button type='submit' class='pushbutton-wide'>Submit<\/button>\t\t<input type='hidden' name='contact-form-id' value='113' \/>\n\t\t<input type='hidden' name='action' value='grunion-contact-form' \/>\n\t\t<input type='hidden' name='contact-form-hash' value='8510072e2f17d5d1d86e8b7e36fa00a41740238e' \/>\n\t<\/p>\n<p style=\"display: none !important;\" class=\"akismet-fields-container\" data-prefix=\"ak_\"><label>&#916;<textarea name=\"ak_hp_textarea\" cols=\"45\" rows=\"8\" maxlength=\"100\"><\/textarea><\/label><input type=\"hidden\" id=\"ak_js_1\" name=\"ak_js\" value=\"231\"\/><script>document.getElementById( \"ak_js_1\" ).setAttribute( \"value\", ( new Date() ).getTime() );<\/script><\/p><\/form>\n<\/div>\n<h5>Obowi\u0105zek informacyjny:<\/h5>\n<p>W&nbsp;zwi\u0105zku z&nbsp;wej\u015bciem w&nbsp;\u017cycie Rozporz\u0105dzenia Parlamentu Europejskiego i&nbsp;Rady UE 2016\/679 z&nbsp;dnia 27 kwietnia 2016 r.\u00a0w sprawie ochrony os\u00f3b fizycznych w&nbsp;zwi\u0105zku z&nbsp;przetwarzaniem danych osobowych\u00a0i w&nbsp;sprawie swobodnego przep\u0142ywu takich danych oraz uchylenia dyrektywy 95\/46\/WE\u00a0(og\u00f3lne rozporz\u0105dzenie o&nbsp;ochronie danych), informujemy:<\/p>\n<p><strong>Administrator danych osobowych<\/strong><br \/>Administratorem Pa\u0144stwa danych osobowych jest Prywatna Szko\u0142a Muzyczna I&nbsp;stopnia \u201eNutka\u201d<br \/>w&nbsp;Warszawie<\/p>\n<p>Kontakt:<br \/>poczt\u0105 tradycyjn\u0105 na&nbsp;adres: Prywatna Szko\u0142a Muzyczna NUTKA<br \/>ul. M. Grzegorzewskiej 10<br \/>02-778 Warszawa<br \/>poczt\u0105 elektroniczn\u0105 na&nbsp;adres: nutka@hot.pl<br \/>telefonicznie pod numerem: + 48 501 089 423<br \/>Inspektor ochrony danych<\/p>\n<p><strong>Inspektorem ochrony danych jest Grzegorz Grabowski<\/strong><br \/>Kontakt:<br \/>poczt\u0105 elektroniczn\u0105 na&nbsp;adres: iod@pccbiodo.pl<br \/>telefonicznie pod numerem: (22) 212-88-67<\/p>\n<p>Z&nbsp;Inspektorem ochrony danych mo\u017cna si\u0119 kontaktowa\u0107 w&nbsp;sprawach dotycz\u0105cych przetwarzania danych osobowych oraz korzystania z&nbsp;praw zwi\u0105zanych z&nbsp;przetwarzaniem danych przez Prywatn\u0105 Szko\u0142\u0119 Muzyczn\u0105 I&nbsp;stopnia Nutka w&nbsp;Warszawie<\/p>\n<p><strong>Cele i&nbsp;podstawy przetwarzania<\/strong><br \/>Przetwarzamy dane osobowe g\u0142\u00f3wnie w&nbsp;celu realizacji zada\u0144 ustawowych, wynikaj\u0105cych z&nbsp;ustawy z&nbsp;dnia 14 grudnia 2016 r. Prawo o\u015bwiatowe (Dz.U. 2017 poz. 59), innych ustaw, rozporz\u0105dze\u0144\u00a0a tak\u017ce obowi\u0105zk\u00f3w i&nbsp;zada\u0144 na\u0142o\u017conych przez instytucje nadrz\u0119dne. Bior\u0105c pod uwag\u0119, \u017ce dzia\u0142anie Prywatnej Szko\u0142y Muzycznej NUTKA opiera si\u0119 przepisach prawa, podanie danych osobowych ma\u00a0 najcz\u0119\u015bciej charakter wymogu. W&nbsp;tym przypadku Pa\u0144stwa dane osobowe b\u0119d\u0105 przetwarzane na&nbsp;podstawie:<\/p>\n<ul>\n<li>art. 6 ust. 1 lit. c RODO \u2013 wype\u0142nienia prawnego obowi\u0105zku ci\u0105\u017c\u0105cego na&nbsp;administratorze;<\/li>\n<li>art. 6 ust. 1 lit. e RODO \u2013 wykonania zadania realizowanego w&nbsp;interesie publicznym lub\u00a0w ramach sprawowania w\u0142adzy publicznej powierzonej administratorowi.<\/li>\n<\/ul>\n<p>Mo\u017cliwe jest jednak przetwarzanie\u00a0danych na&nbsp;podstawie art. 6 ust. 1 lit. a&nbsp;RODO \u2013 wyra\u017cenia zgody na&nbsp;przetwarzanie danych osobowych w&nbsp;jednym lub wi\u0119kszej liczbie okre\u015blonych cel\u00f3w.<br \/>W&nbsp;przypadku niekt\u00f3rych zada\u0144 mo\u017cemy przetwarza\u0107 szczeg\u00f3lne kategorie danych osobowych. Podstaw\u0105 przetwarzania w&nbsp;przypadku tych kategorii danych mo\u017ce by\u0107 np.&nbsp;art. 9 ust. 2. lit. g RODO. Przy pozyskiwaniu Pa\u0144stwa danych osobowych okazywane s\u0105 klauzule informacyjne, zawieraj\u0105ce szczeg\u00f3\u0142owy cel przetwarzania danych.<\/p>\n<p><strong>Odbiorcy danych osobowych<br \/><\/strong>Pa\u0144stwa dane osobowe mog\u0105 by\u0107 udost\u0119pniane lub powierzane do przetwarzania innym podmiotom. Najcz\u0119\u015bciej b\u0119d\u0105 to podmioty publiczne, kt\u00f3rym udost\u0119pnienie danych osobowych przys\u0142uguje na&nbsp;mocy przepis\u00f3w obowi\u0105zuj\u0105cego prawa. Mo\u017cemy r\u00f3wnie\u017c zawiera\u0107 umowy\u00a0o powierzeniu przetwarzania Pa\u0144stwa danych osobowych. Podmioty, kt\u00f3re przetwarzaj\u0105 lub b\u0119d\u0119 przetwarza\u0107 dane osobowe w&nbsp;naszym imieniu, w&nbsp;celu ochrony podmiot\u00f3w danych, musz\u0105 zapewni\u0107 o&nbsp;wdro\u017ceniu odpowiednich \u015brodk\u00f3w technicznych i&nbsp;organizacyjnych, zgodnych z&nbsp;wymogami RODO.<\/p>\n<p><strong>Okres przechowywania danych<\/strong><br \/>Pa\u0144stwa dane osobowe b\u0119d\u0105 przechowywane do czasu realizacji zadania, do kt\u00f3rego dane osobowe zosta\u0142y zebrane a&nbsp;nast\u0119pnie, je\u015bli chodzi o&nbsp;materia\u0142y archiwalne, przez okres ustalony obowi\u0105zuj\u0105cymi przepisami prawa.<\/p>\n<p><strong>Maj\u0105 Pa\u0144stwo prawo do:<\/strong><\/p>\n<ul>\n<li>dost\u0119pu do swoich danych oraz otrzymania ich kopii;<\/li>\n<li>sprostowania swoich danych;<\/li>\n<li>ograniczenia przetwarzania danych;<\/li>\n<li>wniesienia sprzeciwu wobec przetwarzania danych;<\/li>\n<li>usuni\u0119cia danych osobowych, je\u017celi przetwarzanie danych nie nast\u0119puje w&nbsp;celu wywi\u0105zania si\u0119 z&nbsp;obowi\u0105zku wynikaj\u0105cego z&nbsp;przepisu prawa lub w&nbsp;ramach sprawowania w\u0142adzy publicznej;<\/li>\n<li>cofni\u0119cia zgody na&nbsp;przetwarzanie danych osobowych, je\u015bli odbywa si\u0119 ono na&nbsp;podstawie\u00a0art. 6 ust. 1 lit. a;<\/li>\n<li>wniesienia skargi do Prezesa Urz\u0119du Ochrony Danych Osobowych (na adres Urz\u0119du Ochrony Danych Osobowych, ul. Stawki 2, 00-193 Warszawa).<\/li>\n<\/ul>\n<p>&#8212; <br \/>Prywatna Szko\u0142a Muzyczna<br \/>I&nbsp;stopnia NUTKA<br \/>ul. M. Grzegorzewskiej 10<br \/>02-778 Warszawa<br \/>tel. 502-220-964<\/p>\n","protected":false},"excerpt":{"rendered":"<p>Znajd\u017a nas: Napisz do nas: Obowi\u0105zek informacyjny: W&nbsp;zwi\u0105zku z&nbsp;wej\u015bciem w&nbsp;\u017cycie Rozporz\u0105dzenia Parlamentu Europejskiego i&nbsp;Rady UE 2016\/679 z&nbsp;dnia 27 kwietnia 2016 r.\u00a0w sprawie ochrony os\u00f3b fizycznych w&nbsp;zwi\u0105zku z&nbsp;przetwarzaniem danych osobowych\u00a0i w&nbsp;sprawie swobodnego przep\u0142ywu takich danych oraz uchylenia dyrektywy 95\/46\/WE\u00a0(og\u00f3lne rozporz\u0105dzenie o&nbsp;ochronie danych), informujemy: Administrator danych osobowychAdministratorem Pa\u0144stwa danych osobowych jest Prywatna Szko\u0142a Muzyczna I&nbsp;stopnia \u201eNutka\u201dw&nbsp;Warszawie Kontakt:poczt\u0105 &hellip; <a href=\"https:\/\/nutka.info\/?page_id=113\" class=\"more-link\">Czytaj dalej <span class=\"screen-reader-text\">Kontakt<\/span> <span class=\"meta-nav\">&rarr;<\/span><\/a><\/p>\n","protected":false},"author":3,"featured_media":0,"parent":0,"menu_order":0,"comment_status":"closed","ping_status":"closed","template":"","meta":{"footnotes":""},"class_list":["post-113","page","type-page","status-publish","hentry"],"jetpack_sharing_enabled":true,"jetpack_shortlink":"https:\/\/wp.me\/Pf4iuA-1P","_links":{"self":[{"href":"https:\/\/nutka.info\/index.php?rest_route=\/wp\/v2\/pages\/113","targetHints":{"allow":["GET"]}}],"collection":[{"href":"https:\/\/nutka.info\/index.php?rest_route=\/wp\/v2\/pages"}],"about":[{"href":"https:\/\/nutka.info\/index.php?rest_route=\/wp\/v2\/types\/page"}],"author":[{"embeddable":true,"href":"https:\/\/nutka.info\/index.php?rest_route=\/wp\/v2\/users\/3"}],"replies":[{"embeddable":true,"href":"https:\/\/nutka.info\/index.php?rest_route=%2Fwp%2Fv2%2Fcomments&post=113"}],"version-history":[{"count":14,"href":"https:\/\/nutka.info\/index.php?rest_route=\/wp\/v2\/pages\/113\/revisions"}],"predecessor-version":[{"id":1494,"href":"https:\/\/nutka.info\/index.php?rest_route=\/wp\/v2\/pages\/113\/revisions\/1494"}],"wp:attachment":[{"href":"https:\/\/nutka.info\/index.php?rest_route=%2Fwp%2Fv2%2Fmedia&parent=113"}],"curies":[{"name":"wp","href":"https:\/\/api.w.org\/{rel}","templated":true}]}}